{"id":10,"date":"2024-11-10T23:17:30","date_gmt":"2024-11-10T20:17:30","guid":{"rendered":"http:\/\/melisoner.net\/?page_id=10"},"modified":"2024-11-10T23:17:30","modified_gmt":"2024-11-10T20:17:30","slug":"refund_returns","status":"publish","type":"page","link":"https:\/\/melisoner.net\/index.php\/refund_returns\/","title":{"rendered":"\u0130ade ve \u0130ptal \u015eartlar\u0131"},"content":{"rendered":"\n<p><\/p>\n\n\n\n<p><h3><strong>\u00dccret ve \u0130ade \u015eartlar\u0131:<\/strong><\/h3><\/p>\n\n\n\n<p><\/p>\n\n\n\n<p>\u0130\u015fbu S\u00f6zle\u015fme kapsam\u0131nda Kat\u0131l\u0131mc\u0131 taraf\u0131ndan E\u011fitmen\u2019e e\u011fitim i\u00e7in belirtilen \u00fccret + KDV \u00f6denecektir.\u00a0Kat\u0131l\u0131mc\u0131,\u00a0s\u00f6z konusu \u00fccretin\u00a0tamam\u0131n\u0131 i\u015fbu s\u00f6zle\u015fmenin imzalanmas\u0131 ile\u00a0birlikte\u00a0\u00f6demeyi kabul eder. Kat\u0131l\u0131mc\u0131,\u00a0ilgili yasal mevzuattan kaynakl\u0131 haller istisna olmak kayd\u0131yla, \u00f6deme yapt\u0131ktan sonra derslere kat\u0131ls\u0131n veya kat\u0131lmas\u0131n \u00f6demi\u015f oldu\u011fu \u00fccretin iadesini talep edemez.<\/p>\n\n\n<div class=\"is-default-size wp-block-site-logo\"><a href=\"https:\/\/melisoner.net\/\" class=\"custom-logo-link\" rel=\"home\"><img loading=\"lazy\" decoding=\"async\" width=\"500\" height=\"500\" src=\"https:\/\/melisoner.net\/wp-content\/uploads\/2024\/11\/MelisOner-4.png\" class=\"custom-logo\" alt=\"melisoner.net\" srcset=\"https:\/\/melisoner.net\/wp-content\/uploads\/2024\/11\/MelisOner-4.png 500w, https:\/\/melisoner.net\/wp-content\/uploads\/2024\/11\/MelisOner-4-300x300.png 300w, https:\/\/melisoner.net\/wp-content\/uploads\/2024\/11\/MelisOner-4-150x150.png 150w\" sizes=\"(max-width: 500px) 100vw, 500px\" \/><\/a><\/div>\n\n\n<div class=\"wp-block-buttons is-layout-flex wp-block-buttons-is-layout-flex\"><\/div>\n\n\n\n<p><\/p>\n\n\n\n<p><\/p>\n","protected":false},"excerpt":{"rendered":"<p>\u00dccret ve \u0130ade \u015eartlar\u0131: \u0130\u015fbu S\u00f6zle\u015fme kapsam\u0131nda Kat\u0131l\u0131mc\u0131 taraf\u0131ndan E\u011fitmen\u2019e e\u011fitim i\u00e7in belirtilen \u00fccret + KDV \u00f6denecektir.\u00a0Kat\u0131l\u0131mc\u0131,\u00a0s\u00f6z konusu \u00fccretin\u00a0tamam\u0131n\u0131 i\u015fbu s\u00f6zle\u015fmenin imzalanmas\u0131 ile\u00a0birlikte\u00a0\u00f6demeyi kabul eder. Kat\u0131l\u0131mc\u0131,\u00a0ilgili yasal mevzuattan kaynakl\u0131 haller istisna olmak kayd\u0131yla, \u00f6deme yapt\u0131ktan sonra derslere kat\u0131ls\u0131n veya kat\u0131lmas\u0131n \u00f6demi\u015f oldu\u011fu \u00fccretin iadesini talep edemez.<\/p>\n","protected":false},"author":1,"featured_media":0,"parent":0,"menu_order":0,"comment_status":"closed","ping_status":"closed","template":"","meta":{"om_disable_all_campaigns":false,"_monsterinsights_skip_tracking":false,"_monsterinsights_sitenote_active":false,"_monsterinsights_sitenote_note":"","_monsterinsights_sitenote_category":0,"_ti_tpc_template_sync":false,"_ti_tpc_template_id":"","footnotes":""},"class_list":["post-10","page","type-page","status-publish","hentry"],"aioseo_notices":[],"_links":{"self":[{"href":"https:\/\/melisoner.net\/index.php\/wp-json\/wp\/v2\/pages\/10"}],"collection":[{"href":"https:\/\/melisoner.net\/index.php\/wp-json\/wp\/v2\/pages"}],"about":[{"href":"https:\/\/melisoner.net\/index.php\/wp-json\/wp\/v2\/types\/page"}],"author":[{"embeddable":true,"href":"https:\/\/melisoner.net\/index.php\/wp-json\/wp\/v2\/users\/1"}],"replies":[{"embeddable":true,"href":"https:\/\/melisoner.net\/index.php\/wp-json\/wp\/v2\/comments?post=10"}],"version-history":[{"count":1,"href":"https:\/\/melisoner.net\/index.php\/wp-json\/wp\/v2\/pages\/10\/revisions"}],"predecessor-version":[{"id":105,"href":"https:\/\/melisoner.net\/index.php\/wp-json\/wp\/v2\/pages\/10\/revisions\/105"}],"wp:attachment":[{"href":"https:\/\/melisoner.net\/index.php\/wp-json\/wp\/v2\/media?parent=10"}],"curies":[{"name":"wp","href":"https:\/\/api.w.org\/{rel}","templated":true}]}}