{"id":122,"date":"2024-11-13T17:19:47","date_gmt":"2024-11-13T14:19:47","guid":{"rendered":"https:\/\/melisoner.net\/?page_id=122"},"modified":"2024-11-15T00:41:41","modified_gmt":"2024-11-14T21:41:41","slug":"arbitraj-egitimi","status":"publish","type":"page","link":"https:\/\/melisoner.net\/index.php\/arbitraj-egitimi\/","title":{"rendered":"ONLINE ARB\u0130TRAJ MC"},"content":{"rendered":"\n<blockquote class=\"wp-block-quote is-layout-flow wp-block-quote-is-layout-flow\">\n<h4 class=\"wp-block-heading\">OA MASTER CLUB<\/h4>\n<\/blockquote>\n\n\n\n<div class=\"wp-block-group is-layout-grid wp-container-core-group-is-layout-4 wp-block-group-is-layout-grid\">\n<div class=\"wp-block-columns is-layout-flex wp-container-core-columns-is-layout-3 wp-block-columns-is-layout-flex\">\n<div class=\"wp-block-column is-layout-flow wp-block-column-is-layout-flow\" style=\"flex-basis:100%\">\n<div class=\"wp-block-group has-global-padding is-layout-constrained wp-block-group-is-layout-constrained\">\n<div class=\"wp-block-group is-vertical is-layout-flex wp-container-core-group-is-layout-2 wp-block-group-is-layout-flex\">\n<div class=\"wp-block-columns is-layout-flex wp-container-core-columns-is-layout-2 wp-block-columns-is-layout-flex\">\n<div class=\"wp-block-column is-layout-flow wp-block-column-is-layout-flow\" style=\"flex-basis:100%\">\n<div class=\"wp-block-columns is-layout-flex wp-container-core-columns-is-layout-1 wp-block-columns-is-layout-flex\">\n<div class=\"wp-block-column is-layout-flow wp-block-column-is-layout-flow\" style=\"flex-basis:100%\">\n<div class=\"wp-block-group has-global-padding is-layout-constrained wp-block-group-is-layout-constrained\">\n<figure class=\"wp-block-video\"><video controls src=\"https:\/\/melisoner.net\/wp-content\/uploads\/2024\/11\/InShot_20241106_134821557.mp4\"><\/video><\/figure>\n<\/div>\n<\/div>\n<\/div>\n<\/div>\n<\/div>\n<\/div>\n<\/div>\n<\/div>\n<\/div>\n\n\n\n<ul class=\"wp-block-list\">\n<li>12 CANLI DERS<\/li>\n\n\n\n<li>HESAP A\u00c7ILI\u015eLARI<\/li>\n\n\n\n<li>T\u00dcM YAZILIMLARIN KURULUMLARI<\/li>\n\n\n\n<li><mark style=\"background-color:#9164ff\" class=\"has-inline-color has-background-color\">\u0130LK KOL\u0130DE B\u0130REYSEL DESTEK<\/mark><\/li>\n\n\n\n<li>WHATSAPP        SORU-CEVAP GRUBUNA KATILIM<\/li>\n<\/ul>\n\n\n<div data-block-name=\"woocommerce\/single-product\" data-product-id=\"43\" class=\"wp-block-woocommerce-single-product\">\n<div class=\"wp-block-columns is-layout-flex wp-container-core-columns-is-layout-4 wp-block-columns-is-layout-flex\">\n<div class=\"wp-block-column is-layout-flow wp-block-column-is-layout-flow\"><div data-block-name=\"woocommerce\/product-image\" data-show-sale-badge=\"false\" data-is-descendent-of-single-product-block=\"true\" class=\"wc-block-components-product-image wc-block-grid__product-image \" style=\"\">\n\t\t\t\t\t<a href=\"https:\/\/melisoner.net\/index.php\/product\/arbitraj-egitimi\/\" style=\"\"> <img loading=\"lazy\" decoding=\"async\" width=\"500\" height=\"500\" src=\"https:\/\/melisoner.net\/wp-content\/uploads\/2024\/11\/MelisOner-4.png\" class=\"attachment-woocommerce_single size-woocommerce_single\" alt=\"ARB\u0130TRAJ E\u011e\u0130T\u0130M\u0130 - B\u0130REYSEL\" data-testid=\"product-image\" style=\"max-width:none;object-fit:cover;\" srcset=\"https:\/\/melisoner.net\/wp-content\/uploads\/2024\/11\/MelisOner-4.png 500w, https:\/\/melisoner.net\/wp-content\/uploads\/2024\/11\/MelisOner-4-300x300.png 300w, https:\/\/melisoner.net\/wp-content\/uploads\/2024\/11\/MelisOner-4-150x150.png 150w\" sizes=\"(max-width: 500px) 100vw, 500px\" \/><\/a>\n\t\t\t\t<\/div><\/div>\n<\/div>\n<\/div>\n\n\n<p><\/p>\n<\/div>\n\n\n\n<div class=\"wp-block-columns is-layout-flex wp-container-core-columns-is-layout-5 wp-block-columns-is-layout-flex\">\n<div class=\"wp-block-column is-layout-flow wp-block-column-is-layout-flow\" style=\"flex-basis:100%\">\n<div class=\"wp-block-group is-vertical is-layout-flex wp-container-core-group-is-layout-5 wp-block-group-is-layout-flex\">\n<figure class=\"wp-block-pullquote\"><blockquote><p><strong><mark style=\"background-color:#ffffff\" class=\"has-inline-color has-secondary-color\">\u00dcCRETS\u0130Z <\/mark><\/strong><mark style=\"background-color:rgba(0, 0, 0, 0)\" class=\"has-inline-color has-base-color\"><strong>\u00d6N G\u00d6R\u00dc\u015eME \u0130\u00c7\u0130N FORMU DOLDURAB\u0130L\u0130RS\u0130N\u0130Z.<\/strong><\/mark><br><strong><a href=\"https:\/\/form.jotform.com\/243186215348054\" target=\"_blank\" rel=\"noopener\" title=\"\u00d6N G\u00d6R\u00dc\u015eME TALEP FORMU\"><mark style=\"background-color:#9164ff\" class=\"has-inline-color has-background-color\"><em>\u00d6N G\u00d6R\u00dc\u015eME TALEP FORMU<\/em><\/mark><\/a><\/strong><\/p><\/blockquote><\/figure>\n\n\n\n<h3 class=\"wp-block-heading\"><\/h3>\n<\/div>\n<\/div>\n<\/div>\n\n\n\n<div class=\"wp-block-columns are-vertically-aligned-center is-layout-flex wp-container-core-columns-is-layout-6 wp-block-columns-is-layout-flex\">\n<div class=\"wp-block-column is-vertically-aligned-center is-layout-flow wp-block-column-is-layout-flow\"><div data-block-name=\"woocommerce\/product-meta\" class=\"wp-block-woocommerce-product-meta\">\n<div class=\"wp-block-group is-nowrap is-layout-flex wp-container-core-group-is-layout-6 wp-block-group-is-layout-flex\"><div data-block-name=\"woocommerce\/product-sku\" class=\"is-loading\"><\/div><\/div>\n<\/div><\/div>\n<\/div>\n\n\n<div data-block-name=\"woocommerce\/single-product\" data-product-id=\"43\" class=\"wp-block-woocommerce-single-product\">\n<div class=\"wp-block-columns is-layout-flex wp-container-core-columns-is-layout-7 wp-block-columns-is-layout-flex\">\n<div class=\"wp-block-column is-layout-flow wp-block-column-is-layout-flow\"><div data-block-name=\"woocommerce\/product-image\" data-show-sale-badge=\"false\" data-is-descendent-of-single-product-block=\"true\" class=\"wc-block-components-product-image wc-block-grid__product-image \" style=\"\">\n\t\t\t\t\t<a href=\"https:\/\/melisoner.net\/index.php\/product\/arbitraj-egitimi\/\" style=\"\"> <img loading=\"lazy\" decoding=\"async\" width=\"500\" height=\"500\" src=\"https:\/\/melisoner.net\/wp-content\/uploads\/2024\/11\/MelisOner-4.png\" class=\"attachment-woocommerce_single size-woocommerce_single\" alt=\"ARB\u0130TRAJ E\u011e\u0130T\u0130M\u0130 - B\u0130REYSEL\" data-testid=\"product-image\" style=\"max-width:none;object-fit:cover;\" srcset=\"https:\/\/melisoner.net\/wp-content\/uploads\/2024\/11\/MelisOner-4.png 500w, https:\/\/melisoner.net\/wp-content\/uploads\/2024\/11\/MelisOner-4-300x300.png 300w, https:\/\/melisoner.net\/wp-content\/uploads\/2024\/11\/MelisOner-4-150x150.png 150w\" sizes=\"(max-width: 500px) 100vw, 500px\" \/><\/a>\n\t\t\t\t<\/div><\/div>\n\n\n\n<div class=\"wp-block-column is-layout-flow wp-block-column-is-layout-flow\">\n<div class=\"wp-block-group has-global-padding is-layout-constrained wp-block-group-is-layout-constrained\"><h2 class=\"wp-block-post-title\"><a href=\"https:\/\/melisoner.net\/index.php\/product\/arbitraj-egitimi\/\" target=\"_self\" >ARB\u0130TRAJ E\u011e\u0130T\u0130M\u0130 &#8211; B\u0130REYSEL<\/a><\/h2><\/div>\n\n\n\n\n<div data-block-name=\"woocommerce\/product-price\" data-is-descendent-of-single-product-block=\"true\" class=\"wp-block-woocommerce-product-price\"><div class=\"wc-block-components-product-price wc-block-grid__product-price  \" style=\"\">\n\t\t\t\t\t<del aria-hidden=\"true\"><span class=\"woocommerce-Price-amount amount\"><bdi>38,000.00<span class=\"woocommerce-Price-currencySymbol\">&#8378;<\/span><\/bdi><\/span><\/del> <ins><span class=\"woocommerce-Price-amount amount\"><bdi>36,000.00<span class=\"woocommerce-Price-currencySymbol\">&#8378;<\/span><\/bdi><\/span><\/ins>\n\t\t\t\t<\/div><\/div>\n\n<div data-block-name=\"woocommerce\/add-to-cart-form\" data-is-descendent-of-single-product-block=\"true\" class=\"wp-block-add-to-cart-form wc-block-add-to-cart-form   product\" style=\"\"><p class=\"stock in-stock\">3 adet stokta<\/p>\n\n\t\n\t<form class=\"cart\" action=\"https:\/\/melisoner.net\/index.php\/product\/arbitraj-egitimi\/\" method=\"post\" enctype='multipart\/form-data'>\n\t\t\n\t\t<div class=\"quantity\">\n\t\t<label class=\"screen-reader-text\" for=\"quantity_69d8af94dc67b\">ARB\u0130TRAJ E\u011e\u0130T\u0130M\u0130 &#8211; B\u0130REYSEL adet<\/label>\n\t<input\n\t\ttype=\"hidden\"\n\t\t\t\tid=\"quantity_69d8af94dc67b\"\n\t\tclass=\"input-text qty text\"\n\t\tname=\"quantity\"\n\t\tvalue=\"1\"\n\t\taria-label=\"\u00dcr\u00fcn miktar\u0131\"\n\t\tsize=\"4\"\n\t\tmin=\"1\"\n\t\tmax=\"1\"\n\t\t\t\t\tstep=\"1\"\n\t\t\tplaceholder=\"\"\n\t\t\tinputmode=\"numeric\"\n\t\t\tautocomplete=\"off\"\n\t\t\t\/>\n\t<\/div>\n\n\t\t<input type=\"hidden\" name=\"is-descendent-of-single-product-block\" value=\"true\"><button type=\"submit\" name=\"add-to-cart\" value=\"43\" class=\"single_add_to_cart_button button alt wp-element-button\">Sepete Ekle<\/button>\n\n\t\t\t<\/form>\n\n\t\n<\/div>\n\n<div data-block-name=\"woocommerce\/product-meta\" class=\"wp-block-woocommerce-product-meta\">\n<div class=\"wp-block-group is-nowrap is-layout-flex wp-container-core-group-is-layout-8 wp-block-group-is-layout-flex\"><div data-block-name=\"woocommerce\/product-sku\" class=\"wc-block-components-product-sku wc-block-grid__product-sku wp-block-woocommerce-product-sku product_meta \" style=\"\">\n\t\t\t\tSKU:\n\t\t\t\t<strong class=\"sku\">arbitraj102<\/strong>\n\t\t\t<\/div>\n\n<div class=\"taxonomy-product_cat wp-block-post-terms\"><span class=\"wp-block-post-terms__prefix\">Category: <\/span><a href=\"https:\/\/melisoner.net\/index.php\/product-category\/danismanlik-hizmetleri\/\" rel=\"tag\">Dan\u0131\u015fmanl\u0131k hizmetleri<\/a><\/div>\n\n<\/div>\n<\/div><\/div>\n<\/div>\n<\/div>\n\n\n<p><\/p>\n","protected":false},"excerpt":{"rendered":"<p>OA MASTER CLUB \u00dcCRETS\u0130Z \u00d6N G\u00d6R\u00dc\u015eME \u0130\u00c7\u0130N FORMU DOLDURAB\u0130L\u0130RS\u0130N\u0130Z.\u00d6N G\u00d6R\u00dc\u015eME TALEP FORMU<\/p>\n","protected":false},"author":1,"featured_media":0,"parent":0,"menu_order":0,"comment_status":"closed","ping_status":"closed","template":"","meta":{"om_disable_all_campaigns":false,"_monsterinsights_skip_tracking":false,"_monsterinsights_sitenote_active":false,"_monsterinsights_sitenote_note":"","_monsterinsights_sitenote_category":0,"_ti_tpc_template_sync":false,"_ti_tpc_template_id":"","footnotes":""},"class_list":["post-122","page","type-page","status-publish","hentry"],"aioseo_notices":[],"_links":{"self":[{"href":"https:\/\/melisoner.net\/index.php\/wp-json\/wp\/v2\/pages\/122"}],"collection":[{"href":"https:\/\/melisoner.net\/index.php\/wp-json\/wp\/v2\/pages"}],"about":[{"href":"https:\/\/melisoner.net\/index.php\/wp-json\/wp\/v2\/types\/page"}],"author":[{"embeddable":true,"href":"https:\/\/melisoner.net\/index.php\/wp-json\/wp\/v2\/users\/1"}],"replies":[{"embeddable":true,"href":"https:\/\/melisoner.net\/index.php\/wp-json\/wp\/v2\/comments?post=122"}],"version-history":[{"count":5,"href":"https:\/\/melisoner.net\/index.php\/wp-json\/wp\/v2\/pages\/122\/revisions"}],"predecessor-version":[{"id":135,"href":"https:\/\/melisoner.net\/index.php\/wp-json\/wp\/v2\/pages\/122\/revisions\/135"}],"wp:attachment":[{"href":"https:\/\/melisoner.net\/index.php\/wp-json\/wp\/v2\/media?parent=122"}],"curies":[{"name":"wp","href":"https:\/\/api.w.org\/{rel}","templated":true}]}}