{"id":2,"date":"2023-12-22T15:46:19","date_gmt":"2023-12-22T12:46:19","guid":{"rendered":"http:\/\/melisoner.net\/?page_id=2"},"modified":"2024-11-16T12:34:42","modified_gmt":"2024-11-16T09:34:42","slug":"ornek-sayfa","status":"publish","type":"page","link":"https:\/\/melisoner.net\/index.php\/ornek-sayfa\/","title":{"rendered":"Benim Hakk\u0131mda"},"content":{"rendered":"\n<p>Merhaba, ben Melike Melis \u00d6ner. 10 y\u0131ll\u0131k a\u015f\u00e7\u0131l\u0131k kariyerimin ard\u0131ndan, anne olaca\u011f\u0131m\u0131 \u00f6\u011frendi\u011fimde hayat\u0131mda yeni bir y\u00f6n aramaya ba\u015flad\u0131m. 2020 y\u0131l\u0131nda e-ticarete ad\u0131m att\u0131m ve bu alanda retail arbitraj, dropshipping ve online arbitraj yaparak deneyim kazand\u0131m. Uzun s\u00fcredir bu zorlu ama bir o kadar da \u00f6\u011fretici yolculukta edindi\u011fim bilgi ve tecr\u00fcbeleri dan\u0131\u015fanlar\u0131mla payla\u015f\u0131yor, onlar\u0131n da ba\u015far\u0131ya ula\u015fmalar\u0131na yard\u0131mc\u0131 oluyorum.<\/p>\n\n\n\n<blockquote class=\"wp-block-quote is-layout-flow wp-block-quote-is-layout-flow\">\n<p>Bu yolun sadece kolayl\u0131klar\u0131n\u0131 de\u011fil, zorluklar\u0131n\u0131 da bilmek gerekiyor.  <\/p>\n<\/blockquote>\n\n\n\n<p>A\u015fa\u011f\u0131daki formu doldurarak sizde E-ticarete bir ad\u0131m atabilirsiniz. Formu doldurduktan sonra sizlere ula\u015faca\u011f\u0131z.<\/p>\n\n\n\n<div class=\"wp-block-buttons is-layout-flex wp-block-buttons-is-layout-flex\">\n<div class=\"wp-block-button\"><a class=\"wp-block-button__link wp-element-button\" href=\"https:\/\/form.jotform.com\/243186215348054\">\u00d6n G\u00d6R\u00dc\u015eME TALEP FORMU<\/a><\/div>\n<\/div>\n\n\n\n<figure class=\"wp-block-image size-large is-resized\"><img loading=\"lazy\" decoding=\"async\" width=\"1024\" height=\"1024\" src=\"https:\/\/melisoner.net\/wp-content\/uploads\/2024\/11\/melis-foto-1-1-1024x1024.png\" alt=\"\" class=\"wp-image-70\" style=\"width:340px;height:auto\" srcset=\"https:\/\/melisoner.net\/wp-content\/uploads\/2024\/11\/melis-foto-1-1-1024x1024.png 1024w, https:\/\/melisoner.net\/wp-content\/uploads\/2024\/11\/melis-foto-1-1-300x300.png 300w, https:\/\/melisoner.net\/wp-content\/uploads\/2024\/11\/melis-foto-1-1-150x150.png 150w, https:\/\/melisoner.net\/wp-content\/uploads\/2024\/11\/melis-foto-1-1-768x768.png 768w, https:\/\/melisoner.net\/wp-content\/uploads\/2024\/11\/melis-foto-1-1-540x540.png 540w, https:\/\/melisoner.net\/wp-content\/uploads\/2024\/11\/melis-foto-1-1-600x600.png 600w, https:\/\/melisoner.net\/wp-content\/uploads\/2024\/11\/melis-foto-1-1.png 1080w\" sizes=\"(max-width: 1024px) 100vw, 1024px\" \/><\/figure>\n\n\n\n<p><\/p>\n","protected":false},"excerpt":{"rendered":"<p>Merhaba, ben Melike Melis \u00d6ner. 10 y\u0131ll\u0131k a\u015f\u00e7\u0131l\u0131k kariyerimin ard\u0131ndan, anne olaca\u011f\u0131m\u0131 \u00f6\u011frendi\u011fimde hayat\u0131mda yeni bir y\u00f6n aramaya ba\u015flad\u0131m. 2020 y\u0131l\u0131nda e-ticarete ad\u0131m att\u0131m ve bu alanda retail arbitraj, dropshipping ve online arbitraj yaparak deneyim kazand\u0131m. Uzun s\u00fcredir bu zorlu ama bir o kadar da \u00f6\u011fretici yolculukta edindi\u011fim bilgi ve tecr\u00fcbeleri dan\u0131\u015fanlar\u0131mla payla\u015f\u0131yor, onlar\u0131n da [&hellip;]<\/p>\n","protected":false},"author":1,"featured_media":0,"parent":0,"menu_order":0,"comment_status":"closed","ping_status":"open","template":"","meta":{"om_disable_all_campaigns":false,"_monsterinsights_skip_tracking":false,"_monsterinsights_sitenote_active":false,"_monsterinsights_sitenote_note":"","_monsterinsights_sitenote_category":0,"_ti_tpc_template_sync":false,"_ti_tpc_template_id":"","footnotes":""},"class_list":["post-2","page","type-page","status-publish","hentry"],"aioseo_notices":[],"_links":{"self":[{"href":"https:\/\/melisoner.net\/index.php\/wp-json\/wp\/v2\/pages\/2"}],"collection":[{"href":"https:\/\/melisoner.net\/index.php\/wp-json\/wp\/v2\/pages"}],"about":[{"href":"https:\/\/melisoner.net\/index.php\/wp-json\/wp\/v2\/types\/page"}],"author":[{"embeddable":true,"href":"https:\/\/melisoner.net\/index.php\/wp-json\/wp\/v2\/users\/1"}],"replies":[{"embeddable":true,"href":"https:\/\/melisoner.net\/index.php\/wp-json\/wp\/v2\/comments?post=2"}],"version-history":[{"count":5,"href":"https:\/\/melisoner.net\/index.php\/wp-json\/wp\/v2\/pages\/2\/revisions"}],"predecessor-version":[{"id":139,"href":"https:\/\/melisoner.net\/index.php\/wp-json\/wp\/v2\/pages\/2\/revisions\/139"}],"wp:attachment":[{"href":"https:\/\/melisoner.net\/index.php\/wp-json\/wp\/v2\/media?parent=2"}],"curies":[{"name":"wp","href":"https:\/\/api.w.org\/{rel}","templated":true}]}}