{"id":3,"date":"2023-12-22T15:46:19","date_gmt":"2023-12-22T12:46:19","guid":{"rendered":"http:\/\/melisoner.net\/?page_id=3"},"modified":"2024-11-10T01:09:28","modified_gmt":"2024-11-09T22:09:28","slug":"gizlilik-ilkesi","status":"publish","type":"page","link":"https:\/\/melisoner.net\/index.php\/gizlilik-ilkesi\/","title":{"rendered":"Gizlilik Politikas\u0131"},"content":{"rendered":"\n<p><strong>Gizlilik ve Kullan\u0131m Ko\u015fullar\u0131:<\/strong><\/p>\n\n\n\n<p>E\u011fitim materyalleri, canl\u0131 ders kay\u0131tlar\u0131 ve di\u011fer t\u00fcm ders\/e\u011fitim i\u00e7eriklerinin telif ve sair fikri m\u00fclkiyet haklar\u0131 E\u011fitmen\u2019e ait olup, bu kay\u0131tlar\u0131n E\u011fitmen\u2019in yaz\u0131l\u0131 onay\u0131 olmaks\u0131z\u0131n payla\u015f\u0131lmas\u0131, \u00e7o\u011falt\u0131lmas\u0131, \u00fc\u00e7\u00fcnc\u00fc ki\u015filere da\u011f\u0131t\u0131lmas\u0131 vb. kesinlikle yasakt\u0131r. Kat\u0131l\u0131mc\u0131, bu materyalleri yaln\u0131zca ki\u015fisel e\u011fitim ama\u00e7lar\u0131 do\u011frultusunda kullanaca\u011f\u0131n\u0131, aksi halde hukuki ve cezai sorumlulu\u011funun do\u011faca\u011f\u0131n\u0131 bildi\u011fini kabul, beyan ve taahh\u00fct eder.&nbsp;<\/p>\n\n\n\n<h4 class=\"wp-block-heading\">SORUMLULUK REDD\u0130:<\/h4>\n\n\n\n<p>E\u011fitmen\u2019in i\u015fbu S\u00f6zle\u015fme kapsam\u0131ndaki sorumlulu\u011fu 2. maddede detaylar\u0131 verilen derslerin sa\u011flanmas\u0131ndan ibaret olup, E\u011fitmen hi\u00e7bir \u015fekilde ve hi\u00e7bir surette kat\u0131l\u0131mc\u0131lara sat\u0131\u015f veya kazan\u00e7 garantisi ve\/veya her ne ad ve nam alt\u0131nda olursa olsun herhangi bir garanti vermemektedir.\u00a0<\/p>\n\n\n\n<p><strong>EK 1 \u2013 K\u0130\u015e\u0130SEL VER\u0130LER\u0130N \u0130\u015eLENMES\u0130NE \u0130L\u0130\u015eK\u0130N AYDINLATMA METN\u0130<\/strong><\/p>\n\n\n\n<p><strong>Ki\u015fisel Verilerin \u0130\u015flenmesine \u0130li\u015fkin Ayd\u0131nlatma Metni<\/strong><\/p>\n\n\n\n<p><strong>Veri Sorumlusunun Tan\u0131m\u0131 ve Toplanan Ki\u015fisel Veriler<\/strong><\/p>\n\n\n\n<p>E\u011fitmen, imzalanan i\u015fbu S\u00f6zle\u015fme\u2019ye istinaden Kat\u0131l\u0131mc\u0131lar\u0131n kimi ki\u015fisel verilerini veri sorumlusu s\u0131fat\u0131yla otomatik olarak veya otomatik olmayan yollarla i\u015flemektedir. Bu metinde verisi i\u015flenen ger\u00e7ek ki\u015fi, veri \u00f6znesi olarak tan\u0131mlanmaktad\u0131r.<\/p>\n\n\n\n<p><strong>Toplanan Ki\u015fisel Veriler<\/strong><\/p>\n\n\n\n<p>Kimli\u011fi belirli veya belirlenebilir ger\u00e7ek ki\u015fiye ili\u015fkin her t\u00fcrl\u00fc veri ki\u015fisel veridir.<\/p>\n\n\n\n<p><strong>Veri Kategorileri ve Hukuki Sebep<\/strong><\/p>\n\n\n\n<p><strong>\u00d6zel Nitelikte Olmayan Ki\u015fisel Veriler<\/strong><\/p>\n\n\n\n<p><strong>Kimlik bilgileri:<\/strong>&nbsp;Ad\u0131 ve Soyad\u0131, Veri i\u015flemede hukuki sebep: Bir s\u00f6zle\u015fmenin kurulmas\u0131 veya ifas\u0131 i\u00e7in gerekli olmas\u0131, bir hakk\u0131n tesisi veya kullan\u0131lmas\u0131 i\u00e7in gerekli olmas\u0131.<\/p>\n\n\n\n<p><strong>\u0130rtibat Bilgileri: c<\/strong>ep telefonu numaras\u0131 ve e-posta adresi. Veri i\u015flemede hukuki sebep:&nbsp; Bir s\u00f6zle\u015fmenin kurulmas\u0131 veya ifas\u0131 i\u00e7in gerekli olmas\u0131; bir hakk\u0131n tesisi, korunmas\u0131 veya kullan\u0131lmas\u0131 i\u00e7in gerekli olmas\u0131.<\/p>\n\n\n\n<p><strong>Veri \u0130\u015fleme Ama\u00e7lar\u0131<\/strong><\/p>\n\n\n\n<p>E\u011fitmen, i\u015fbu S\u00f6zle\u015fme kapsam\u0131nda Kat\u0131l\u0131mc\u0131\u2019n\u0131n ki\u015fisel verilerini a\u015fa\u011f\u0131daki ama\u00e7larla i\u015flemektedir:<\/p>\n\n\n\n<p>\u2022 S\u00f6zle\u015fme\u2019nin kurulmas\u0131 i\u00e7in gerekli olmas\u0131,<\/p>\n\n\n\n<p>\u2022 S\u00f6zle\u015fme konusu e\u011fitim hizmetinin verilebilmesi,<\/p>\n\n\n\n<p>\u2022 Etkinlik y\u00f6netimi<\/p>\n\n\n\n<p>\u2022 \u0130stek ve \u015fikayetlerin takibi ve etkin \u015fekilde \u00e7\u00f6z\u00fcmlenmesi<\/p>\n\n\n\n<p>\u2022 Acil durumlar\u0131 y\u00f6netme ve \u00fcstesinden gelme<\/p>\n\n\n\n<p><strong>Ki\u015fisel Verilerin Aktar\u0131m\u0131<\/strong><\/p>\n\n\n\n<p>Ki\u015fisel Veriler \u00fc\u00e7\u00fcnc\u00fc ki\u015filere aktar\u0131lmamaktad\u0131r.<strong>&nbsp;<\/strong><\/p>\n\n\n\n<p><strong>Veri \u00d6znelerinin (\u0130lgili Ki\u015fi) Haklar\u0131<\/strong><\/p>\n\n\n\n<p>\u0130lgili Ki\u015filerin 6698 Say\u0131l\u0131 Kanun\u2019dan (Ki\u015fisel Verilerin Korunmas\u0131 Kanunu) do\u011fan haklar\u0131 a\u015fa\u011f\u0131daki gibidir:<\/p>\n\n\n\n<ol class=\"wp-block-list\">\n<li>Ki\u015fisel verilerinin i\u015flenip i\u015flenmedi\u011fini \u00f6\u011frenme,<\/li>\n\n\n\n<li>Ki\u015fisel verileri i\u015flenmi\u015fse buna ili\u015fkin bilgi talep etme,<\/li>\n\n\n\n<li>Ki\u015fisel verilerin i\u015flenme amac\u0131n\u0131 ve bunlar\u0131n amac\u0131na uygun kullan\u0131l\u0131p kullan\u0131lmad\u0131\u011f\u0131n\u0131 \u00f6\u011frenme,<\/li>\n\n\n\n<li>Yurt i\u00e7inde veya yurt d\u0131\u015f\u0131nda ki\u015fisel verilerin aktar\u0131ld\u0131\u011f\u0131 \u00fc\u00e7\u00fcnc\u00fc ki\u015fileri bilme,<\/li>\n\n\n\n<li>Ki\u015fisel verilerin eksik veya yanl\u0131\u015f i\u015flenmi\u015f olmas\u0131 h\u00e2linde bunlar\u0131n d\u00fczeltilmesini isteme,<\/li>\n\n\n\n<li>6698 say\u0131l\u0131 Kanun\u2019un (Ki\u015fisel Verilerin Korunmas\u0131 Kanunu) 7. maddesinde \u00f6ng\u00f6r\u00fclen \u015fartlar \u00e7er\u00e7evesinde ki\u015fisel verilerinin silinmesini veya yok edilmesini isteme,<\/li>\n\n\n\n<li>(d) ve (e) bentleri uyar\u0131nca yap\u0131lan i\u015flemlerin, ki\u015fisel verilerin aktar\u0131ld\u0131\u011f\u0131 \u00fc\u00e7\u00fcnc\u00fc ki\u015filere bildirilmesini isteme,<\/li>\n\n\n\n<li>\u0130\u015flenen verilerin m\u00fcnhas\u0131ran otomatik sistemler vas\u0131tas\u0131yla analiz edilmesi suretiyle ki\u015finin kendisi aleyhine bir sonucun ortaya \u00e7\u0131kmas\u0131na itiraz etme,<\/li>\n\n\n\n<li>Ki\u015fisel verilerinin kanuna ayk\u0131r\u0131 olarak i\u015flenmesi sebebiyle zarara u\u011framas\u0131 h\u00e2linde zarar\u0131n giderilmesini talep etme.<\/li>\n<\/ol>\n\n\n\n<p>Bu haklar\u0131n\u0131z\u0131 kullanmak i\u00e7in daha \u00f6nce E\u011fitmen ile payla\u015fm\u0131\u015f oldu\u011funuz e-posta adresinizden dijitalmeliss@gmail.com adresine mail yoluyla ba\u015fvuruda bulunarak talepte bulunabilirsiniz. Talep yaz\u0131n\u0131zda, hak iddia eden ki\u015finin yetkisinin do\u011frulanmas\u0131 i\u00e7in ad, soyad\u0131 ve cep telefonu numaras\u0131 yer almal\u0131d\u0131r. Talepler 30 g\u00fcn i\u00e7inde cevapland\u0131r\u0131lacakt\u0131r.<\/p>\n\n\n\n<h2 class=\"wp-block-heading\"><\/h2>\n\n\n\n<p><\/p>\n","protected":false},"excerpt":{"rendered":"<p>Gizlilik ve Kullan\u0131m Ko\u015fullar\u0131: E\u011fitim materyalleri, canl\u0131 ders kay\u0131tlar\u0131 ve di\u011fer t\u00fcm ders\/e\u011fitim i\u00e7eriklerinin telif ve sair fikri m\u00fclkiyet haklar\u0131 E\u011fitmen\u2019e ait olup, bu kay\u0131tlar\u0131n E\u011fitmen\u2019in yaz\u0131l\u0131 onay\u0131 olmaks\u0131z\u0131n payla\u015f\u0131lmas\u0131, \u00e7o\u011falt\u0131lmas\u0131, \u00fc\u00e7\u00fcnc\u00fc ki\u015filere da\u011f\u0131t\u0131lmas\u0131 vb. kesinlikle yasakt\u0131r. Kat\u0131l\u0131mc\u0131, bu materyalleri yaln\u0131zca ki\u015fisel e\u011fitim ama\u00e7lar\u0131 do\u011frultusunda kullanaca\u011f\u0131n\u0131, aksi halde hukuki ve cezai sorumlulu\u011funun do\u011faca\u011f\u0131n\u0131 bildi\u011fini kabul, [&hellip;]<\/p>\n","protected":false},"author":1,"featured_media":0,"parent":0,"menu_order":0,"comment_status":"closed","ping_status":"open","template":"","meta":{"om_disable_all_campaigns":false,"_monsterinsights_skip_tracking":false,"_monsterinsights_sitenote_active":false,"_monsterinsights_sitenote_note":"","_monsterinsights_sitenote_category":0,"_ti_tpc_template_sync":false,"_ti_tpc_template_id":"","footnotes":""},"class_list":["post-3","page","type-page","status-publish","hentry"],"aioseo_notices":[],"_links":{"self":[{"href":"https:\/\/melisoner.net\/index.php\/wp-json\/wp\/v2\/pages\/3"}],"collection":[{"href":"https:\/\/melisoner.net\/index.php\/wp-json\/wp\/v2\/pages"}],"about":[{"href":"https:\/\/melisoner.net\/index.php\/wp-json\/wp\/v2\/types\/page"}],"author":[{"embeddable":true,"href":"https:\/\/melisoner.net\/index.php\/wp-json\/wp\/v2\/users\/1"}],"replies":[{"embeddable":true,"href":"https:\/\/melisoner.net\/index.php\/wp-json\/wp\/v2\/comments?post=3"}],"version-history":[{"count":1,"href":"https:\/\/melisoner.net\/index.php\/wp-json\/wp\/v2\/pages\/3\/revisions"}],"predecessor-version":[{"id":78,"href":"https:\/\/melisoner.net\/index.php\/wp-json\/wp\/v2\/pages\/3\/revisions\/78"}],"wp:attachment":[{"href":"https:\/\/melisoner.net\/index.php\/wp-json\/wp\/v2\/media?parent=3"}],"curies":[{"name":"wp","href":"https:\/\/api.w.org\/{rel}","templated":true}]}}