{"id":32,"date":"2024-11-11T12:17:37","date_gmt":"2024-11-11T09:17:37","guid":{"rendered":"https:\/\/melisoner.net\/?page_id=32"},"modified":"2025-11-28T00:08:08","modified_gmt":"2025-11-27T21:08:08","slug":"hakkimda","status":"publish","type":"page","link":"https:\/\/melisoner.net\/index.php\/hakkimda\/","title":{"rendered":"At\u00f6lye&#8217;de Neler Yap\u0131yoruz?"},"content":{"rendered":"\n<p><\/p>\n\n\n\n<ul class=\"wp-block-list\">\n<li>Amazonda ARBITRAJ \u00fczerine A&#8217;dan Z&#8217;ye her konuyu anlatt\u0131\u011f\u0131m E\u011e\u0130T\u0130M PANELinden videolar\u0131 izliyorsunuz.<\/li>\n\n\n\n<li>Toplamda 50+ videoyu benim sizi y\u00f6nlendirmelerim ile s\u0131rayla izliyoruz. Ve sonra uygulamal\u0131 dersler yap\u0131yoruz.<\/li>\n<\/ul>\n\n\n\n<ul class=\"wp-block-list\">\n<li>Dersler 10 ki\u015filik Gruplar halinde oluyor. Haftada 2 veya 3 ders olarak yap\u0131yoruz. Toplam 5 CANLI yapaca\u011f\u0131z.<\/li>\n<\/ul>\n\n\n\n<div class=\"wp-block-columns is-layout-flex wp-container-core-columns-is-layout-1 wp-block-columns-is-layout-flex\">\n<div class=\"wp-block-column is-layout-flow wp-block-column-is-layout-flow\" style=\"flex-basis:100%\">\n<h2 class=\"wp-block-heading\">UYARI<\/h2>\n\n\n\n<blockquote class=\"wp-block-quote is-layout-flow wp-block-quote-is-layout-flow\">\n<p>Hi\u00e7 bir E\u011fitim Size Sat\u0131\u015f Garanti Veremez, Bu Bir Ticaret Modelidir. Sizin \u00c7al\u0131\u015fman\u0131z ve \u0130stikrarl\u0131 Olman\u0131z \u00c7ok \u00d6nemli. Amazonun bir ticaret Platformu Oldu\u011funu ve Bizim Elimizden Olmayan Durumlardan Hesap Kapanmas\u0131 gibi durumlar\u0131n ya\u015fanabilece\u011fini unutmay\u0131n.<\/p>\n<\/blockquote>\n<\/div>\n<\/div>\n\n\n\n<blockquote class=\"wp-block-quote is-style-plain is-layout-flow wp-block-quote-is-layout-flow\">\n<h2 class=\"wp-block-heading\"><strong><mark style=\"background-color:#ffffff\" class=\"has-inline-color has-base-color\">DERS KONULARI<\/mark><\/strong><\/h2>\n<\/blockquote>\n\n\n\n<h2 class=\"wp-block-heading\"><mark style=\"background-color:#ffffff\" class=\"has-inline-color has-senary-color\">DERS<\/mark>LER<\/h2>\n\n\n\n<div class=\"wp-block-group has-global-padding is-layout-constrained wp-block-group-is-layout-constrained\">\n<p><strong>AMAZONDA \u00dcR\u00dcN ARAMA<\/strong><\/p>\n\n\n\n<p><strong>\u00dcR\u00dcNLER\u0130N DETAYLI ANAL\u0130ZLER\u0130<\/strong><\/p>\n\n\n\n<p><strong>ARA DEPO S\u00dcRE\u00c7LER\u0130<\/strong><\/p>\n\n\n\n<p><strong>AMAZON \u0130LE \u0130LET\u0130\u015e\u0130M<\/strong><\/p>\n\n\n\n<p><strong>YAZILIMLARIN KULLANIMI<\/strong><\/p>\n\n\n\n<p><strong>EXCEL \u0130LE KARLILIK HESAPLARI<\/strong><\/p>\n\n\n\n<p><strong>\u0130ADELER VE \u0130HLALLER<\/strong><\/p>\n<\/div>\n\n\n\n<h2 class=\"wp-block-heading\"><mark style=\"background-color:#9164ff\" class=\"has-inline-color has-background-color\">BONUS <\/mark><\/h2>\n\n\n\n<ul class=\"wp-block-list\">\n<li>\u0130LK KOL\u0130DE \u00dcR\u00dcN KONTROLLER\u0130<\/li>\n\n\n\n<li><\/li>\n\n\n\n<li><a href=\"https:\/\/form.jotform.com\/243186215348054\" title=\"\u00dcCRETS\u0130Z \u00d6N G\u00d6R\u00dc\u015eME \u0130\u00c7\u0130N FORMU DOLDURUN\"><mark style=\"background-color:#ffffff\" class=\"has-inline-color has-inherit-color\"><strong>\u00dcCRETS\u0130Z \u00d6N G\u00d6R\u00dc\u015eME \u0130\u00c7\u0130N FORMU <\/strong><\/mark><\/a><strong><a href=\"https:\/\/form.jotform.com\/243186215348054\" target=\"_blank\" rel=\"noopener\" title=\"\u00dcCRETS\u0130Z \u00d6N G\u00d6R\u00dc\u015eME \u0130\u00c7\u0130N FORMU DOLDURUN\"><mark style=\"background-color:#ffffff\" class=\"has-inline-color has-inherit-color\">DOLDUR<\/mark><\/a>AB\u0130L\u0130RS\u0130N\u0130Z<\/strong><\/li>\n<\/ul>\n\n\n\n<div class=\"wp-block-buttons is-content-justification-center is-layout-flex wp-container-core-buttons-is-layout-1 wp-block-buttons-is-layout-flex\">\n<div class=\"wp-block-button\"><a class=\"wp-block-button__link wp-element-button\" href=\"https:\/\/form.jotform.com\/243186215348054\"><strong>FORMU DOLDURUN<\/strong><\/a><\/div>\n<\/div>\n\n\n<div data-block-name=\"woocommerce\/featured-product\" data-edit-mode=\"false\" data-min-height=\"292\" data-product-id=\"149\" class=\"wc-block-featured-product alignwide has-background-dim wp-block-woocommerce-featured-product\" style=\"min-height:292px;\"><div class=\"wc-block-featured-product__wrapper\"><div class=\"background-dim__overlay\" style=\"background-color: #000000\"><\/div><img decoding=\"async\" alt=\"ARBITRAJ AT\u00d6LYE\" class=\"wc-block-featured-product__background-image\" src=\"https:\/\/melisoner.net\/wp-content\/uploads\/2024\/11\/melis-foto-1-1.png\" style=\"object-fit: none;object-position: 50% 50%;\" \/><h2 class=\"wc-block-featured-product__title\">ARBITRAJ AT\u00d6LYE<\/h2><div class=\"wc-block-featured-product__description\"><p>Amazonda arbitraj \u00fczerine A&#8217;dan Z&#8217;ye bir PANEL. Bu e\u011fitim sonunda neler \u00f6\u011frenmi\u015f olacaks\u0131n\u0131z?<\/p>\n<\/div><div class=\"wc-block-featured-product__price\"><del aria-hidden=\"true\"><span class=\"woocommerce-Price-amount amount\">1,000.00<span class=\"woocommerce-Price-currencySymbol\">&#8378;<\/span><\/span><\/del> <ins><span class=\"woocommerce-Price-amount amount\">650.00<span class=\"woocommerce-Price-currencySymbol\">&#8378;<\/span><\/span><\/ins><\/div><div class=\"wc-block-featured-product__link\">\n\n<div class=\"wp-block-buttons is-horizontal is-content-justification-center is-layout-flex wp-container-core-buttons-is-layout-2 wp-block-buttons-is-layout-flex\">\n<div class=\"wp-block-button is-style-fill\"><a class=\"wp-block-button__link wp-element-button\" href=\"https:\/\/melisoner.net\/index.php\/product\/dropshipping-paneli\/\">\u015eimdi sat\u0131n al<\/a><\/div>\n<\/div>\n\n<\/div><\/div><\/div>\n\n\n<p><\/p>\n","protected":false},"excerpt":{"rendered":"<p>UYARI Hi\u00e7 bir E\u011fitim Size Sat\u0131\u015f Garanti Veremez, Bu Bir Ticaret Modelidir. Sizin \u00c7al\u0131\u015fman\u0131z ve \u0130stikrarl\u0131 Olman\u0131z \u00c7ok \u00d6nemli. Amazonun bir ticaret Platformu Oldu\u011funu ve Bizim Elimizden Olmayan Durumlardan Hesap Kapanmas\u0131 gibi durumlar\u0131n ya\u015fanabilece\u011fini unutmay\u0131n. DERS KONULARI DERSLER AMAZONDA \u00dcR\u00dcN ARAMA \u00dcR\u00dcNLER\u0130N DETAYLI ANAL\u0130ZLER\u0130 ARA DEPO S\u00dcRE\u00c7LER\u0130 AMAZON \u0130LE \u0130LET\u0130\u015e\u0130M YAZILIMLARIN KULLANIMI EXCEL \u0130LE KARLILIK [&hellip;]<\/p>\n","protected":false},"author":1,"featured_media":0,"parent":0,"menu_order":0,"comment_status":"closed","ping_status":"closed","template":"","meta":{"om_disable_all_campaigns":false,"_monsterinsights_skip_tracking":false,"_monsterinsights_sitenote_active":false,"_monsterinsights_sitenote_note":"","_monsterinsights_sitenote_category":0,"_ti_tpc_template_sync":false,"_ti_tpc_template_id":"","footnotes":""},"class_list":["post-32","page","type-page","status-publish","hentry"],"aioseo_notices":[],"_links":{"self":[{"href":"https:\/\/melisoner.net\/index.php\/wp-json\/wp\/v2\/pages\/32"}],"collection":[{"href":"https:\/\/melisoner.net\/index.php\/wp-json\/wp\/v2\/pages"}],"about":[{"href":"https:\/\/melisoner.net\/index.php\/wp-json\/wp\/v2\/types\/page"}],"author":[{"embeddable":true,"href":"https:\/\/melisoner.net\/index.php\/wp-json\/wp\/v2\/users\/1"}],"replies":[{"embeddable":true,"href":"https:\/\/melisoner.net\/index.php\/wp-json\/wp\/v2\/comments?post=32"}],"version-history":[{"count":4,"href":"https:\/\/melisoner.net\/index.php\/wp-json\/wp\/v2\/pages\/32\/revisions"}],"predecessor-version":[{"id":198,"href":"https:\/\/melisoner.net\/index.php\/wp-json\/wp\/v2\/pages\/32\/revisions\/198"}],"wp:attachment":[{"href":"https:\/\/melisoner.net\/index.php\/wp-json\/wp\/v2\/media?parent=32"}],"curies":[{"name":"wp","href":"https:\/\/api.w.org\/{rel}","templated":true}]}}