{"id":7,"date":"2023-12-22T15:46:41","date_gmt":"2023-12-22T12:46:41","guid":{"rendered":"http:\/\/melisoner.net\/index.php\/cart\/"},"modified":"2024-11-08T23:54:17","modified_gmt":"2024-11-08T20:54:17","slug":"cart","status":"publish","type":"page","link":"https:\/\/melisoner.net\/index.php\/cart\/","title":{"rendered":"\u00d6DEME"},"content":{"rendered":"<div data-block-name=\"woocommerce\/cart\" class=\"wp-block-woocommerce-cart alignwide is-loading\"><div data-block-name=\"woocommerce\/filled-cart-block\" class=\"wp-block-woocommerce-filled-cart-block\"><div data-block-name=\"woocommerce\/cart-items-block\" class=\"wp-block-woocommerce-cart-items-block\"><div data-block-name=\"woocommerce\/cart-line-items-block\" class=\"wp-block-woocommerce-cart-line-items-block\"><\/div>\n\n<div data-block-name=\"woocommerce\/cart-cross-sells-block\" class=\"wp-block-woocommerce-cart-cross-sells-block\">\n<h2 class=\"wp-block-heading has-large-font-size\">You may be interested in\u2026<\/h2>\n\n\n<div data-block-name=\"woocommerce\/cart-cross-sells-products-block\" class=\"wp-block-woocommerce-cart-cross-sells-products-block\"><\/div><\/div><\/div>\n\n<div data-block-name=\"woocommerce\/cart-totals-block\" class=\"wp-block-woocommerce-cart-totals-block\"><div data-block-name=\"woocommerce\/cart-order-summary-block\" class=\"wp-block-woocommerce-cart-order-summary-block\"><div data-block-name=\"woocommerce\/cart-order-summary-heading-block\" class=\"wp-block-woocommerce-cart-order-summary-heading-block\"><\/div>\n\n<div data-block-name=\"woocommerce\/cart-order-summary-coupon-form-block\" class=\"wp-block-woocommerce-cart-order-summary-coupon-form-block\"><\/div>\n\n<div data-block-name=\"woocommerce\/cart-order-summary-subtotal-block\" class=\"wp-block-woocommerce-cart-order-summary-subtotal-block\"><\/div>\n\n<div data-block-name=\"woocommerce\/cart-order-summary-fee-block\" class=\"wp-block-woocommerce-cart-order-summary-fee-block\"><\/div>\n\n<div data-block-name=\"woocommerce\/cart-order-summary-discount-block\" class=\"wp-block-woocommerce-cart-order-summary-discount-block\"><\/div>\n\n<div data-block-name=\"woocommerce\/cart-order-summary-shipping-block\" class=\"wp-block-woocommerce-cart-order-summary-shipping-block\"><\/div>\n\n<div data-block-name=\"woocommerce\/cart-order-summary-taxes-block\" class=\"wp-block-woocommerce-cart-order-summary-taxes-block\"><\/div><\/div>\n\n<div data-block-name=\"woocommerce\/cart-express-payment-block\" class=\"wp-block-woocommerce-cart-express-payment-block\"><\/div>\n\n<div data-block-name=\"woocommerce\/proceed-to-checkout-block\" class=\"wp-block-woocommerce-proceed-to-checkout-block\"><\/div>\n\n<div data-block-name=\"woocommerce\/cart-accepted-payment-methods-block\" class=\"wp-block-woocommerce-cart-accepted-payment-methods-block\"><\/div><\/div><\/div>\n\n<div data-block-name=\"woocommerce\/empty-cart-block\" class=\"wp-block-woocommerce-empty-cart-block\">\n<h2 class=\"wp-block-heading has-text-align-center with-empty-cart-icon wc-block-cart__empty-cart__title\">Hen\u00fcz bir al\u0131m yapmad\u0131n\u0131z<\/h2>\n\n\n\n<hr class=\"wp-block-separator has-alpha-channel-opacity is-style-dots\"\/>\n\n\n\n<h2 class=\"wp-block-heading has-text-align-center\"><\/h2>\n\n\n<div data-block-name=\"woocommerce\/product-new\" data-columns=\"4\" data-rows=\"1\" class=\"wc-block-grid wp-block-product-new wc-block-product-new has-4-columns\"><ul class=\"wc-block-grid__products\"><li class=\"wc-block-grid__product\">\n\t\t\t\t<a href=\"https:\/\/melisoner.net\/index.php\/product\/private-label\/\" class=\"wc-block-grid__product-link\">\n\t\t\t\t\t<div class=\"wc-block-grid__product-onsale\">\n\t\t\t<span aria-hidden=\"true\">\u0130ndirim<\/span>\n\t\t\t<span class=\"screen-reader-text\">\u0130ndirimdeki \u00fcr\u00fcn<\/span>\n\t\t<\/div>\n\t\t\t\t\t<div class=\"wc-block-grid__product-image\"><img loading=\"lazy\" decoding=\"async\" width=\"500\" height=\"500\" src=\"https:\/\/melisoner.net\/wp-content\/uploads\/2024\/11\/MelisOner-4.png\" class=\"attachment-woocommerce_thumbnail size-woocommerce_thumbnail\" alt=\"PRIVATE LABEL\" srcset=\"https:\/\/melisoner.net\/wp-content\/uploads\/2024\/11\/MelisOner-4.png 500w, https:\/\/melisoner.net\/wp-content\/uploads\/2024\/11\/MelisOner-4-300x300.png 300w, https:\/\/melisoner.net\/wp-content\/uploads\/2024\/11\/MelisOner-4-150x150.png 150w\" sizes=\"(max-width: 500px) 100vw, 500px\" \/><\/div>\n\t\t\t\t\t<div class=\"wc-block-grid__product-title\">PRIVATE LABEL<\/div>\n\t\t\t\t<\/a>\n\t\t\t\t<div class=\"wc-block-grid__product-price price\"><del aria-hidden=\"true\"><span class=\"woocommerce-Price-amount amount\">67,000.00<span class=\"woocommerce-Price-currencySymbol\">&#8378;<\/span><\/span><\/del> <ins><span class=\"woocommerce-Price-amount amount\">62,000.00<span class=\"woocommerce-Price-currencySymbol\">&#8378;<\/span><\/span><\/ins><\/div>\n\t\t\t\t\n\t\t\t\t<div class=\"wp-block-button wc-block-grid__product-add-to-cart\"><a href=\"?add-to-cart=188\" aria-label=\"Add to cart: &ldquo;PRIVATE LABEL&rdquo;\" data-quantity=\"1\" data-product_id=\"188\" data-product_sku=\"\" data-price=\"62000\" rel=\"nofollow\" class=\"wp-block-button__link wp-element-button add_to_cart_button ajax_add_to_cart\">Sepete Ekle<\/a><\/div>\n\t\t\t<\/li><li class=\"wc-block-grid__product\">\n\t\t\t\t<a href=\"https:\/\/melisoner.net\/index.php\/product\/dropshipping-paneli\/\" class=\"wc-block-grid__product-link\">\n\t\t\t\t\t<div class=\"wc-block-grid__product-onsale\">\n\t\t\t<span aria-hidden=\"true\">\u0130ndirim<\/span>\n\t\t\t<span class=\"screen-reader-text\">\u0130ndirimdeki \u00fcr\u00fcn<\/span>\n\t\t<\/div>\n\t\t\t\t\t<div class=\"wc-block-grid__product-image\"><img loading=\"lazy\" decoding=\"async\" width=\"540\" height=\"540\" src=\"https:\/\/melisoner.net\/wp-content\/uploads\/2024\/11\/melis-foto-1-1-540x540.png\" class=\"attachment-woocommerce_thumbnail size-woocommerce_thumbnail\" alt=\"ARBITRAJ AT\u00d6LYE\" srcset=\"https:\/\/melisoner.net\/wp-content\/uploads\/2024\/11\/melis-foto-1-1-540x540.png 540w, https:\/\/melisoner.net\/wp-content\/uploads\/2024\/11\/melis-foto-1-1-300x300.png 300w, https:\/\/melisoner.net\/wp-content\/uploads\/2024\/11\/melis-foto-1-1-1024x1024.png 1024w, https:\/\/melisoner.net\/wp-content\/uploads\/2024\/11\/melis-foto-1-1-150x150.png 150w, https:\/\/melisoner.net\/wp-content\/uploads\/2024\/11\/melis-foto-1-1-768x768.png 768w, https:\/\/melisoner.net\/wp-content\/uploads\/2024\/11\/melis-foto-1-1-600x600.png 600w, https:\/\/melisoner.net\/wp-content\/uploads\/2024\/11\/melis-foto-1-1.png 1080w\" sizes=\"(max-width: 540px) 100vw, 540px\" \/><\/div>\n\t\t\t\t\t<div class=\"wc-block-grid__product-title\">ARBITRAJ AT\u00d6LYE<\/div>\n\t\t\t\t<\/a>\n\t\t\t\t<div class=\"wc-block-grid__product-price price\"><del aria-hidden=\"true\"><span class=\"woocommerce-Price-amount amount\">1,000.00<span class=\"woocommerce-Price-currencySymbol\">&#8378;<\/span><\/span><\/del> <ins><span class=\"woocommerce-Price-amount amount\">650.00<span class=\"woocommerce-Price-currencySymbol\">&#8378;<\/span><\/span><\/ins><\/div>\n\t\t\t\t\n\t\t\t\t<div class=\"wp-block-button wc-block-grid__product-add-to-cart\"><a href=\"?add-to-cart=149\" aria-label=\"Add to cart: &ldquo;ARBITRAJ AT\u00d6LYE&rdquo;\" data-quantity=\"1\" data-product_id=\"149\" data-product_sku=\"\" data-price=\"650\" rel=\"nofollow\" class=\"wp-block-button__link wp-element-button add_to_cart_button ajax_add_to_cart\">Sepete Ekle<\/a><\/div>\n\t\t\t<\/li><li class=\"wc-block-grid__product\">\n\t\t\t\t<a href=\"https:\/\/melisoner.net\/index.php\/product\/dropshipping-bireysel\/\" class=\"wc-block-grid__product-link\">\n\t\t\t\t\t<div class=\"wc-block-grid__product-onsale\">\n\t\t\t<span aria-hidden=\"true\">\u0130ndirim<\/span>\n\t\t\t<span class=\"screen-reader-text\">\u0130ndirimdeki \u00fcr\u00fcn<\/span>\n\t\t<\/div>\n\t\t\t\t\t<div class=\"wc-block-grid__product-image\"><img loading=\"lazy\" decoding=\"async\" width=\"500\" height=\"500\" src=\"https:\/\/melisoner.net\/wp-content\/uploads\/2024\/11\/MelisOner-4.png\" class=\"attachment-woocommerce_thumbnail size-woocommerce_thumbnail\" alt=\"DROPSHIPPING B\u0130REYSEL DANI\u015eMANLIK\" srcset=\"https:\/\/melisoner.net\/wp-content\/uploads\/2024\/11\/MelisOner-4.png 500w, https:\/\/melisoner.net\/wp-content\/uploads\/2024\/11\/MelisOner-4-300x300.png 300w, https:\/\/melisoner.net\/wp-content\/uploads\/2024\/11\/MelisOner-4-150x150.png 150w\" sizes=\"(max-width: 500px) 100vw, 500px\" \/><\/div>\n\t\t\t\t\t<div class=\"wc-block-grid__product-title\">DROPSHIPPING B\u0130REYSEL DANI\u015eMANLIK<\/div>\n\t\t\t\t<\/a>\n\t\t\t\t<div class=\"wc-block-grid__product-price price\"><del aria-hidden=\"true\"><span class=\"woocommerce-Price-amount amount\">27,000.00<span class=\"woocommerce-Price-currencySymbol\">&#8378;<\/span><\/span><\/del> <ins><span class=\"woocommerce-Price-amount amount\">21,000.00<span class=\"woocommerce-Price-currencySymbol\">&#8378;<\/span><\/span><\/ins><\/div>\n\t\t\t\t\n\t\t\t\t<div class=\"wp-block-button wc-block-grid__product-add-to-cart\"><a href=\"?add-to-cart=111\" aria-label=\"Add to cart: &ldquo;DROPSHIPPING B\u0130REYSEL DANI\u015eMANLIK&rdquo;\" data-quantity=\"1\" data-product_id=\"111\" data-product_sku=\"\" data-price=\"21000\" rel=\"nofollow\" class=\"wp-block-button__link wp-element-button add_to_cart_button ajax_add_to_cart\">Sepete Ekle<\/a><\/div>\n\t\t\t<\/li><li class=\"wc-block-grid__product\">\n\t\t\t\t<a href=\"https:\/\/melisoner.net\/index.php\/product\/dropshiping-atolye\/\" class=\"wc-block-grid__product-link\">\n\t\t\t\t\t<div class=\"wc-block-grid__product-onsale\">\n\t\t\t<span aria-hidden=\"true\">\u0130ndirim<\/span>\n\t\t\t<span class=\"screen-reader-text\">\u0130ndirimdeki \u00fcr\u00fcn<\/span>\n\t\t<\/div>\n\t\t\t\t\t<div class=\"wc-block-grid__product-image\"><img loading=\"lazy\" decoding=\"async\" width=\"500\" height=\"500\" src=\"https:\/\/melisoner.net\/wp-content\/uploads\/2023\/12\/MelisOner.png\" class=\"attachment-woocommerce_thumbnail size-woocommerce_thumbnail\" alt=\"AMAZONDA DROPSHIPPING AT\u00d6LYES\u0130\" srcset=\"https:\/\/melisoner.net\/wp-content\/uploads\/2023\/12\/MelisOner.png 500w, https:\/\/melisoner.net\/wp-content\/uploads\/2023\/12\/MelisOner-300x300.png 300w, https:\/\/melisoner.net\/wp-content\/uploads\/2023\/12\/MelisOner-150x150.png 150w\" sizes=\"(max-width: 500px) 100vw, 500px\" \/><\/div>\n\t\t\t\t\t<div class=\"wc-block-grid__product-title\">AMAZONDA DROPSHIPPING AT\u00d6LYES\u0130<\/div>\n\t\t\t\t<\/a>\n\t\t\t\t<div class=\"wc-block-grid__product-price price\"><del aria-hidden=\"true\"><span class=\"woocommerce-Price-amount amount\">9,000.00<span class=\"woocommerce-Price-currencySymbol\">&#8378;<\/span><\/span><\/del> <ins><span class=\"woocommerce-Price-amount amount\">8,500.00<span class=\"woocommerce-Price-currencySymbol\">&#8378;<\/span><\/span><\/ins><\/div>\n\t\t\t\t\n\t\t\t\t<div class=\"wp-block-button wc-block-grid__product-add-to-cart\"><a href=\"?add-to-cart=56\" aria-label=\"Add to cart: &ldquo;AMAZONDA DROPSHIPPING AT\u00d6LYES\u0130&rdquo;\" data-quantity=\"1\" data-product_id=\"56\" data-product_sku=\"\" data-price=\"8500\" rel=\"nofollow\" class=\"wp-block-button__link wp-element-button add_to_cart_button ajax_add_to_cart\">Sepete Ekle<\/a><\/div>\n\t\t\t<\/li><\/ul><\/div><\/div><\/div>","protected":false},"excerpt":{"rendered":"","protected":false},"author":1,"featured_media":0,"parent":0,"menu_order":0,"comment_status":"closed","ping_status":"closed","template":"","meta":{"om_disable_all_campaigns":false,"_monsterinsights_skip_tracking":false,"_monsterinsights_sitenote_active":false,"_monsterinsights_sitenote_note":"","_monsterinsights_sitenote_category":0,"_ti_tpc_template_sync":false,"_ti_tpc_template_id":"","footnotes":""},"class_list":["post-7","page","type-page","status-publish","hentry"],"aioseo_notices":[],"_links":{"self":[{"href":"https:\/\/melisoner.net\/index.php\/wp-json\/wp\/v2\/pages\/7"}],"collection":[{"href":"https:\/\/melisoner.net\/index.php\/wp-json\/wp\/v2\/pages"}],"about":[{"href":"https:\/\/melisoner.net\/index.php\/wp-json\/wp\/v2\/types\/page"}],"author":[{"embeddable":true,"href":"https:\/\/melisoner.net\/index.php\/wp-json\/wp\/v2\/users\/1"}],"replies":[{"embeddable":true,"href":"https:\/\/melisoner.net\/index.php\/wp-json\/wp\/v2\/comments?post=7"}],"version-history":[{"count":1,"href":"https:\/\/melisoner.net\/index.php\/wp-json\/wp\/v2\/pages\/7\/revisions"}],"predecessor-version":[{"id":42,"href":"https:\/\/melisoner.net\/index.php\/wp-json\/wp\/v2\/pages\/7\/revisions\/42"}],"wp:attachment":[{"href":"https:\/\/melisoner.net\/index.php\/wp-json\/wp\/v2\/media?parent=7"}],"curies":[{"name":"wp","href":"https:\/\/api.w.org\/{rel}","templated":true}]}}