{"id":111,"date":"2024-11-10T23:58:18","date_gmt":"2024-11-10T20:58:18","guid":{"rendered":"https:\/\/melisoner.net\/?post_type=product&#038;p=111"},"modified":"2025-10-02T11:57:54","modified_gmt":"2025-10-02T08:57:54","slug":"dropshipping-bireysel","status":"publish","type":"product","link":"https:\/\/melisoner.net\/index.php\/product\/dropshipping-bireysel\/","title":{"rendered":"DROPSHIPPING B\u0130REYSEL DANI\u015eMANLIK"},"content":{"rendered":"<p>Bireysel Dan\u0131\u015fmanl\u0131k kapsam\u0131nda;<br \/>\n-Payooner Hesab\u0131 a\u00e7\u0131lmas\u0131,<br \/>\n&#8211; Amazon hesab\u0131 a\u00e7\u0131lmas\u0131,<br \/>\n&#8211; Dropshipping yaz\u0131l\u0131m\u0131 kurulumu,<br \/>\n&#8211; Bireysel derslerle teorik e\u011fitimler,<\/p>\n<p>-Hesap sa\u011fl\u0131\u011f\u0131,<\/p>\n<p>&#8211; Uygulamal\u0131 dersler ile;<br \/>\n&#8211; \u00dcr\u00fcn arama, \u00dcr\u00fcnleri y\u00fcklemek,<br \/>\n-\u0130lk sipari\u015fleri g\u00f6ndermek,<br \/>\n&#8211; M\u00fc\u015fteriler ile ileti\u015fim.<\/p>\n<p>&nbsp;<\/p>\n","protected":false},"excerpt":{"rendered":"<p>A&#8217;dan Z&#8217;ye birebir e\u011fitimler.<\/p>\n","protected":false},"featured_media":80,"comment_status":"open","ping_status":"closed","template":"","meta":{"om_disable_all_campaigns":false,"_monsterinsights_skip_tracking":false,"_monsterinsights_sitenote_active":false,"_monsterinsights_sitenote_note":"","_monsterinsights_sitenote_category":0,"_ti_tpc_template_sync":false,"_ti_tpc_template_id":""},"product_cat":[27],"product_tag":[],"class_list":{"0":"post-111","1":"product","2":"type-product","3":"status-publish","4":"has-post-thumbnail","6":"product_cat-danismanlik-hizmetleri","8":"first","9":"instock","10":"sale","11":"virtual","12":"taxable","13":"purchasable","14":"product-type-simple"},"aioseo_notices":[],"_links":{"self":[{"href":"https:\/\/melisoner.net\/index.php\/wp-json\/wp\/v2\/product\/111"}],"collection":[{"href":"https:\/\/melisoner.net\/index.php\/wp-json\/wp\/v2\/product"}],"about":[{"href":"https:\/\/melisoner.net\/index.php\/wp-json\/wp\/v2\/types\/product"}],"replies":[{"embeddable":true,"href":"https:\/\/melisoner.net\/index.php\/wp-json\/wp\/v2\/comments?post=111"}],"wp:featuredmedia":[{"embeddable":true,"href":"https:\/\/melisoner.net\/index.php\/wp-json\/wp\/v2\/media\/80"}],"wp:attachment":[{"href":"https:\/\/melisoner.net\/index.php\/wp-json\/wp\/v2\/media?parent=111"}],"wp:term":[{"taxonomy":"product_cat","embeddable":true,"href":"https:\/\/melisoner.net\/index.php\/wp-json\/wp\/v2\/product_cat?post=111"},{"taxonomy":"product_tag","embeddable":true,"href":"https:\/\/melisoner.net\/index.php\/wp-json\/wp\/v2\/product_tag?post=111"}],"curies":[{"name":"wp","href":"https:\/\/api.w.org\/{rel}","templated":true}]}}