{"id":149,"date":"2024-12-13T21:56:36","date_gmt":"2024-12-13T18:56:36","guid":{"rendered":"https:\/\/melisoner.net\/?post_type=product&#038;p=149"},"modified":"2025-11-27T23:59:16","modified_gmt":"2025-11-27T20:59:16","slug":"dropshipping-paneli","status":"publish","type":"product","link":"https:\/\/melisoner.net\/index.php\/product\/dropshipping-paneli\/","title":{"rendered":"ARBITRAJ AT\u00d6LYE"},"content":{"rendered":"<p>Amazonda ARB\u0130TRAJ \u00fczerine A&#8217;dan Z&#8217;ye bir PANEL. Bu e\u011fitim sonunda neler \u00f6\u011frenmi\u015f olacaks\u0131n\u0131z?<\/p>\n<ul>\n<li>Amazon ma\u011faza a\u00e7\u0131l\u0131\u015f\u0131<\/li>\n<li>Banka hesaplar\u0131 a\u00e7\u0131l\u0131\u015f\u0131 ve kurulumlar\u0131<\/li>\n<li>A\u00e7\u0131l\u0131\u015f suspendi ge\u00e7mek<\/li>\n<li>Amazon dropshipping FBA\/FBM<\/li>\n<li>Amerikada \u015firket \/ vergiler \/ Resale<\/li>\n<li>Amazonda Al\u0131c\u0131 Hesab\u0131 a\u00e7mak<\/li>\n<li>Amazon Seller Central ileri seviye<\/li>\n<li>AMAZONDA \u00fcr\u00fcn aramak<\/li>\n<li>Manuel \u00fcr\u00fcn aramak<\/li>\n<li>Keepa \/ Hellium10 ile \u00fcr\u00fcn aramak<\/li>\n<li>Ara depolarla ileti\u015fim<\/li>\n<li>M\u00fc\u015fteri Hizmetleri<\/li>\n<li>Hesap sa\u011fl\u0131\u011f\u0131n\u0131 korumak<\/li>\n<li>Suspendler \/ Apealler \/ A to Z<\/li>\n<li>Pricing Health<\/li>\n<li>Buybox Template<\/li>\n<li>Yasakl\u0131 markalar \/ listeler<\/li>\n<li>\u00dclkelerin g\u00fcmr\u00fck kurallar\u0131<\/li>\n<\/ul>\n<p>KATILIMCILARA \u00d6ZEL HER HAFTA \u00dcCRETS\u0130Z ZOOM SORU-CEVAP G\u00d6R\u00dc\u015eMELER\u0130<\/p>\n","protected":false},"excerpt":{"rendered":"<p>Amazonda arbitraj \u00fczerine A&#8217;dan Z&#8217;ye bir PANEL. Bu e\u011fitim sonunda neler \u00f6\u011frenmi\u015f olacaks\u0131n\u0131z?<\/p>\n","protected":false},"featured_media":70,"comment_status":"open","ping_status":"closed","template":"","meta":{"om_disable_all_campaigns":false,"_monsterinsights_skip_tracking":false,"_monsterinsights_sitenote_active":false,"_monsterinsights_sitenote_note":"","_monsterinsights_sitenote_category":0,"_ti_tpc_template_sync":false,"_ti_tpc_template_id":""},"product_cat":[27],"product_tag":[],"class_list":{"0":"post-149","1":"product","2":"type-product","3":"status-publish","4":"has-post-thumbnail","6":"product_cat-danismanlik-hizmetleri","8":"first","9":"instock","10":"sale","11":"taxable","12":"shipping-taxable","13":"purchasable","14":"product-type-simple"},"aioseo_notices":[],"_links":{"self":[{"href":"https:\/\/melisoner.net\/index.php\/wp-json\/wp\/v2\/product\/149"}],"collection":[{"href":"https:\/\/melisoner.net\/index.php\/wp-json\/wp\/v2\/product"}],"about":[{"href":"https:\/\/melisoner.net\/index.php\/wp-json\/wp\/v2\/types\/product"}],"replies":[{"embeddable":true,"href":"https:\/\/melisoner.net\/index.php\/wp-json\/wp\/v2\/comments?post=149"}],"wp:featuredmedia":[{"embeddable":true,"href":"https:\/\/melisoner.net\/index.php\/wp-json\/wp\/v2\/media\/70"}],"wp:attachment":[{"href":"https:\/\/melisoner.net\/index.php\/wp-json\/wp\/v2\/media?parent=149"}],"wp:term":[{"taxonomy":"product_cat","embeddable":true,"href":"https:\/\/melisoner.net\/index.php\/wp-json\/wp\/v2\/product_cat?post=149"},{"taxonomy":"product_tag","embeddable":true,"href":"https:\/\/melisoner.net\/index.php\/wp-json\/wp\/v2\/product_tag?post=149"}],"curies":[{"name":"wp","href":"https:\/\/api.w.org\/{rel}","templated":true}]}}