{"id":56,"date":"2024-11-09T14:27:48","date_gmt":"2024-11-09T11:27:48","guid":{"rendered":"https:\/\/melisoner.net\/?post_type=product&#038;p=56"},"modified":"2024-11-13T17:47:51","modified_gmt":"2024-11-13T14:47:51","slug":"dropshiping-atolye","status":"publish","type":"product","link":"https:\/\/melisoner.net\/index.php\/product\/dropshiping-atolye\/","title":{"rendered":"AMAZONDA DROPSHIPPING AT\u00d6LYES\u0130"},"content":{"rendered":"<p>Amazonda Dropshipping \u00fczerine A&#8217;dan Z2ye bir e\u011fitim.<br \/>\n10 Canl\u0131 Zoom dersi<\/p>\n<p>2 Canl\u0131 Zoom soru-cevap Yay\u0131n\u0131<\/p>\n<p>Ders konular\u0131;<br \/>\nAmazon hesap a\u00e7\u0131l\u0131\u015f\u0131<br \/>\nPayooner Hesap a\u00e7\u0131l\u0131\u015f\u0131<br \/>\nDropshipping yaz\u0131l\u0131m\u0131 kurulumu,<br \/>\n\u00dcr\u00fcn arama y\u00f6ntemleri,<br \/>\nHesap sa\u011fl\u0131\u011f\u0131,<br \/>\n\u00dcr\u00fcn Y\u00fcklemek,<br \/>\nS\u0130pari\u015fleri g\u00f6ndermek ve \u00e7ok daha fazlas\u0131&#8230;<\/p>\n","protected":false},"excerpt":{"rendered":"<p>Amazonda Dropshipping \u00fczerine A&#8217;dan Z2ye bir e\u011fitim.<br \/>\n10 Canl\u0131 Zoom dersi<\/p>\n<p>2 Canl\u0131 Zoom soru-cevap Yay\u0131n\u0131<\/p>\n","protected":false},"featured_media":24,"comment_status":"open","ping_status":"closed","template":"","meta":{"om_disable_all_campaigns":false,"_monsterinsights_skip_tracking":false,"_monsterinsights_sitenote_active":false,"_monsterinsights_sitenote_note":"","_monsterinsights_sitenote_category":0,"_ti_tpc_template_sync":false,"_ti_tpc_template_id":""},"product_cat":[27],"product_tag":[],"class_list":{"0":"post-56","1":"product","2":"type-product","3":"status-publish","4":"has-post-thumbnail","6":"product_cat-danismanlik-hizmetleri","8":"first","9":"instock","10":"sale","11":"taxable","12":"shipping-taxable","13":"purchasable","14":"product-type-simple"},"aioseo_notices":[],"_links":{"self":[{"href":"https:\/\/melisoner.net\/index.php\/wp-json\/wp\/v2\/product\/56"}],"collection":[{"href":"https:\/\/melisoner.net\/index.php\/wp-json\/wp\/v2\/product"}],"about":[{"href":"https:\/\/melisoner.net\/index.php\/wp-json\/wp\/v2\/types\/product"}],"replies":[{"embeddable":true,"href":"https:\/\/melisoner.net\/index.php\/wp-json\/wp\/v2\/comments?post=56"}],"wp:featuredmedia":[{"embeddable":true,"href":"https:\/\/melisoner.net\/index.php\/wp-json\/wp\/v2\/media\/24"}],"wp:attachment":[{"href":"https:\/\/melisoner.net\/index.php\/wp-json\/wp\/v2\/media?parent=56"}],"wp:term":[{"taxonomy":"product_cat","embeddable":true,"href":"https:\/\/melisoner.net\/index.php\/wp-json\/wp\/v2\/product_cat?post=56"},{"taxonomy":"product_tag","embeddable":true,"href":"https:\/\/melisoner.net\/index.php\/wp-json\/wp\/v2\/product_tag?post=56"}],"curies":[{"name":"wp","href":"https:\/\/api.w.org\/{rel}","templated":true}]}}